{"id":5083,"date":"2023-12-07T12:12:50","date_gmt":"2023-12-07T11:12:50","guid":{"rendered":"https:\/\/boutdcoco.fr\/?page_id=5083"},"modified":"2024-01-19T18:18:49","modified_gmt":"2024-01-19T17:18:49","slug":"a-propos-de-lassociation-boutdcoco-boutiques-ephemeres","status":"publish","type":"page","link":"https:\/\/boutdcoco.fr\/index.php\/a-propos-de-lassociation-boutdcoco-boutiques-ephemeres\/","title":{"rendered":"A propos&#8230;"},"content":{"rendered":"\t\t<div data-elementor-type=\"wp-page\" data-elementor-id=\"5083\" class=\"elementor elementor-5083\">\n\t\t\t\t<div class=\"elementor-element elementor-element-66ad32b e-flex e-con-boxed e-con e-parent\" data-id=\"66ad32b\" data-element_type=\"container\">\n\t\t\t\t\t<div class=\"e-con-inner\">\n\t\t\t\t<div class=\"elementor-element elementor-element-60602fb elementor-widget elementor-widget-heading\" data-id=\"60602fb\" data-element_type=\"widget\" data-widget_type=\"heading.default\">\n\t\t\t\t<div class=\"elementor-widget-container\">\n\t\t\t<style>\/*! elementor - v3.21.0 - 20-05-2024 *\/\n.elementor-heading-title{padding:0;margin:0;line-height:1}.elementor-widget-heading .elementor-heading-title[class*=elementor-size-]>a{color:inherit;font-size:inherit;line-height:inherit}.elementor-widget-heading .elementor-heading-title.elementor-size-small{font-size:15px}.elementor-widget-heading .elementor-heading-title.elementor-size-medium{font-size:19px}.elementor-widget-heading .elementor-heading-title.elementor-size-large{font-size:29px}.elementor-widget-heading .elementor-heading-title.elementor-size-xl{font-size:39px}.elementor-widget-heading .elementor-heading-title.elementor-size-xxl{font-size:59px}<\/style><h1 class=\"elementor-heading-title elementor-size-default\">Bout d'Coco<\/h1>\t\t<\/div>\n\t\t\t\t<\/div>\n\t\t\t\t<div class=\"elementor-element elementor-element-5be1cdc elementor-widget elementor-widget-heading\" data-id=\"5be1cdc\" data-element_type=\"widget\" data-widget_type=\"heading.default\">\n\t\t\t\t<div class=\"elementor-widget-container\">\n\t\t\t<h2 class=\"elementor-heading-title elementor-size-default\">L'association de boutiques \u00e9ph\u00e9m\u00e8res, qui met en avant les artisans normands<\/h2>\t\t<\/div>\n\t\t\t\t<\/div>\n\t\t\t\t<div class=\"elementor-element elementor-element-bb45b30 elementor-widget elementor-widget-text-editor\" data-id=\"bb45b30\" data-element_type=\"widget\" data-widget_type=\"text-editor.default\">\n\t\t\t\t<div class=\"elementor-widget-container\">\n\t\t\t<style>\/*! elementor - v3.21.0 - 20-05-2024 *\/\n.elementor-widget-text-editor.elementor-drop-cap-view-stacked .elementor-drop-cap{background-color:#69727d;color:#fff}.elementor-widget-text-editor.elementor-drop-cap-view-framed .elementor-drop-cap{color:#69727d;border:3px solid;background-color:transparent}.elementor-widget-text-editor:not(.elementor-drop-cap-view-default) .elementor-drop-cap{margin-top:8px}.elementor-widget-text-editor:not(.elementor-drop-cap-view-default) .elementor-drop-cap-letter{width:1em;height:1em}.elementor-widget-text-editor .elementor-drop-cap{float:left;text-align:center;line-height:1;font-size:50px}.elementor-widget-text-editor .elementor-drop-cap-letter{display:inline-block}<\/style>\t\t\t\t<p>Nous faisons les march\u00e9s, les salons, les festivals et toutes les \u00e9v\u00e8nements organis\u00e9s dans la r\u00e9gion de Bernay,<span style=\"background-color: var(--has-background, var(--theme-palette-color-8)); color: var(--theme-text-color); font-style: var(--theme-font-style, inherit); letter-spacing: var(--theme-letter-spacing); text-transform: var(--theme-text-transform);\">\u00a0dans l&rsquo;Eure,<\/span><span style=\"font-size: inherit; text-align: inherit; background-color: var(--has-background, var(--theme-palette-color-8)); color: var(--theme-text-color); font-style: var(--theme-font-style, inherit); letter-spacing: var(--theme-letter-spacing); text-transform: var(--theme-text-transform);\">\u00a0en Normandie et comme nous appr\u00e9cions le contact avec la client\u00e8le, nous avions envie de tenter l&rsquo;aventure d&rsquo;une boutique \u00e9ph\u00e9m\u00e8re.<\/span><\/p><p>Devant la r\u00e9ussite du premier essai \u00e0 Beaumont le Roger en mai 2023, le temps d&rsquo;un week-end, nous avons continu\u00e9 \u00e0 en ouvrir de temps \u00e0 autres dans d&rsquo;autres villes et nous nous sommes aper\u00e7u qu&rsquo;elles avaient du succ\u00e8s.<\/p><p>De plus en plus d&rsquo;artisans se sont joins \u00e0 nous au fil des mois, nous avons donc pens\u00e9 cr\u00e9er l&rsquo;association BOUTD&rsquo;COCO afin de g\u00e9rer plus facilement les boutiques \u00e9ph\u00e9m\u00e8res et r\u00e9unir des artisans locaux qui proposent des cr\u00e9ations fran\u00e7aises respectueuses de l&rsquo;environnement..<\/p><p>\u00a0<\/p>\t\t\t\t\t\t<\/div>\n\t\t\t\t<\/div>\n\t\t\t\t<div class=\"elementor-element elementor-element-9dc1145 elementor-widget elementor-widget-image\" data-id=\"9dc1145\" data-element_type=\"widget\" data-widget_type=\"image.default\">\n\t\t\t\t<div class=\"elementor-widget-container\">\n\t\t\t<style>\/*! elementor - v3.21.0 - 20-05-2024 *\/\n.elementor-widget-image{text-align:center}.elementor-widget-image a{display:inline-block}.elementor-widget-image a img[src$=\".svg\"]{width:48px}.elementor-widget-image img{vertical-align:middle;display:inline-block}<\/style>\t\t\t\t\t\t\t<figure class=\"wp-caption\">\n\t\t\t\t\t\t\t\t\t\t\t<a href=\"https:\/\/boutdcoco.fr\/index.php\/nos-artisans\/\">\n\t\t\t\t\t\t\t<img fetchpriority=\"high\" decoding=\"async\" width=\"999\" height=\"702\" src=\"https:\/\/boutdcoco.fr\/wp-content\/uploads\/2023\/11\/equipe.jpg\" class=\"attachment-large size-large wp-image-4591\" alt=\"\" srcset=\"https:\/\/boutdcoco.fr\/wp-content\/uploads\/2023\/11\/equipe.jpg 999w, https:\/\/boutdcoco.fr\/wp-content\/uploads\/2023\/11\/equipe-300x211.jpg 300w, https:\/\/boutdcoco.fr\/wp-content\/uploads\/2023\/11\/equipe-768x540.jpg 768w, https:\/\/boutdcoco.fr\/wp-content\/uploads\/2023\/11\/equipe-750x527.jpg 750w\" sizes=\"(max-width: 999px) 100vw, 999px\" \/>\t\t\t\t\t\t\t\t<\/a>\n\t\t\t\t\t\t\t\t\t\t\t<figcaption class=\"widget-image-caption wp-caption-text\">Une partie de l'\u00e9quipe des artisans<\/figcaption>\n\t\t\t\t\t\t\t\t\t\t<\/figure>\n\t\t\t\t\t\t\t<\/div>\n\t\t\t\t<\/div>\n\t\t\t\t\t<\/div>\n\t\t\t\t<\/div>\n\t\t<div class=\"elementor-element elementor-element-79541fc e-flex e-con-boxed e-con e-parent\" data-id=\"79541fc\" data-element_type=\"container\">\n\t\t\t\t\t<div class=\"e-con-inner\">\n\t\t\t\t<div class=\"elementor-element elementor-element-c3ec7c1 elementor-widget elementor-widget-heading\" data-id=\"c3ec7c1\" data-element_type=\"widget\" data-widget_type=\"heading.default\">\n\t\t\t\t<div class=\"elementor-widget-container\">\n\t\t\t<h3 class=\"elementor-heading-title elementor-size-default\">Vous \u00eates artisan ? Vous cherchez un artisan ?<\/h3>\t\t<\/div>\n\t\t\t\t<\/div>\n\t\t\t\t\t<\/div>\n\t\t\t\t<\/div>\n\t\t<div class=\"elementor-element elementor-element-c555f07 e-con-full e-flex e-con e-parent\" data-id=\"c555f07\" data-element_type=\"container\">\n\t\t<div class=\"elementor-element elementor-element-fc2edb5 e-con-full e-flex e-con e-child\" data-id=\"fc2edb5\" data-element_type=\"container\">\n\t\t\t\t<div class=\"elementor-element elementor-element-9072e95 elementor-button-warning elementor-align-right elementor-widget__width-inherit elementor-mobile-align-center elementor-widget elementor-widget-button\" data-id=\"9072e95\" data-element_type=\"widget\" data-widget_type=\"button.default\">\n\t\t\t\t<div class=\"elementor-widget-container\">\n\t\t\t\t\t<div class=\"elementor-button-wrapper\">\n\t\t\t<a class=\"elementor-button elementor-button-link elementor-size-md\" href=\"https:\/\/boutdcoco.fr\/index.php\/inscription-adhesion-boutiques-ephemeres-association\/\">\n\t\t\t\t\t\t<span class=\"elementor-button-content-wrapper\">\n\t\t\t\t\t\t\t\t\t<span class=\"elementor-button-text\">Devenir adh\u00e9rent<\/span>\n\t\t\t\t\t<\/span>\n\t\t\t\t\t<\/a>\n\t\t<\/div>\n\t\t\t\t<\/div>\n\t\t\t\t<\/div>\n\t\t\t\t<\/div>\n\t\t<div class=\"elementor-element elementor-element-3a08aea e-con-full e-flex e-con e-child\" data-id=\"3a08aea\" data-element_type=\"container\">\n\t\t\t\t<div class=\"elementor-element elementor-element-a8b0000 elementor-button-warning elementor-widget__width-inherit elementor-mobile-align-center elementor-widget elementor-widget-button\" data-id=\"a8b0000\" data-element_type=\"widget\" data-widget_type=\"button.default\">\n\t\t\t\t<div class=\"elementor-widget-container\">\n\t\t\t\t\t<div class=\"elementor-button-wrapper\">\n\t\t\t<a class=\"elementor-button elementor-button-link elementor-size-md\" href=\"https:\/\/boutdcoco.fr\/index.php\/nos-artisans-boutiques-ephemeres-association\/\">\n\t\t\t\t\t\t<span class=\"elementor-button-content-wrapper\">\n\t\t\t\t\t\t\t\t\t<span class=\"elementor-button-text\">Trouver un artisan<\/span>\n\t\t\t\t\t<\/span>\n\t\t\t\t\t<\/a>\n\t\t<\/div>\n\t\t\t\t<\/div>\n\t\t\t\t<\/div>\n\t\t\t\t<\/div>\n\t\t\t\t<\/div>\n\t\t\t\t<\/div>\n\t\t","protected":false},"excerpt":{"rendered":"<p>Bout d&rsquo;Coco L&rsquo;association de boutiques \u00e9ph\u00e9m\u00e8res, qui met en avant les artisans normands Nous faisons les march\u00e9s, les salons, les festivals et toutes les \u00e9v\u00e8nements organis\u00e9s dans la r\u00e9gion de [&hellip;]<\/p>\n","protected":false},"author":1,"featured_media":0,"parent":0,"menu_order":7,"comment_status":"closed","ping_status":"closed","template":"","meta":{"om_disable_all_campaigns":false,"_monsterinsights_skip_tracking":false,"_monsterinsights_sitenote_active":false,"_monsterinsights_sitenote_note":"","_monsterinsights_sitenote_category":0,"_EventAllDay":false,"_EventTimezone":"","_EventStartDate":"","_EventEndDate":"","_EventStartDateUTC":"","_EventEndDateUTC":"","_EventShowMap":false,"_EventShowMapLink":false,"_EventURL":"","_EventCost":"","_EventCostDescription":"","_EventCurrencySymbol":"","_EventCurrencyCode":"","_EventCurrencyPosition":"","_EventDateTimeSeparator":"","_EventTimeRangeSeparator":"","_EventOrganizerID":[],"_EventVenueID":[],"_OrganizerEmail":"","_OrganizerPhone":"","_OrganizerWebsite":"","_VenueAddress":"","_VenueCity":"","_VenueCountry":"","_VenueProvince":"","_VenueState":"","_VenueZip":"","_VenuePhone":"","_VenueURL":"","_VenueStateProvince":"","_VenueLat":"","_VenueLng":"","_VenueShowMap":false,"_VenueShowMapLink":false,"footnotes":""},"class_list":["post-5083","page","type-page","status-publish","hentry"],"blocksy_meta":[],"aioseo_notices":[],"_links":{"self":[{"href":"https:\/\/boutdcoco.fr\/index.php\/wp-json\/wp\/v2\/pages\/5083","targetHints":{"allow":["GET"]}}],"collection":[{"href":"https:\/\/boutdcoco.fr\/index.php\/wp-json\/wp\/v2\/pages"}],"about":[{"href":"https:\/\/boutdcoco.fr\/index.php\/wp-json\/wp\/v2\/types\/page"}],"author":[{"embeddable":true,"href":"https:\/\/boutdcoco.fr\/index.php\/wp-json\/wp\/v2\/users\/1"}],"replies":[{"embeddable":true,"href":"https:\/\/boutdcoco.fr\/index.php\/wp-json\/wp\/v2\/comments?post=5083"}],"version-history":[{"count":45,"href":"https:\/\/boutdcoco.fr\/index.php\/wp-json\/wp\/v2\/pages\/5083\/revisions"}],"predecessor-version":[{"id":5778,"href":"https:\/\/boutdcoco.fr\/index.php\/wp-json\/wp\/v2\/pages\/5083\/revisions\/5778"}],"wp:attachment":[{"href":"https:\/\/boutdcoco.fr\/index.php\/wp-json\/wp\/v2\/media?parent=5083"}],"curies":[{"name":"wp","href":"https:\/\/api.w.org\/{rel}","templated":true}]}}