{"id":5028,"date":"2023-12-05T18:14:25","date_gmt":"2023-12-05T17:14:25","guid":{"rendered":"https:\/\/boutdcoco.fr\/?page_id=5028"},"modified":"2024-01-19T18:16:54","modified_gmt":"2024-01-19T17:16:54","slug":"qui-sommes-nous-boutiques-ephemeres-association","status":"publish","type":"page","link":"https:\/\/boutdcoco.fr\/index.php\/qui-sommes-nous-boutiques-ephemeres-association\/","title":{"rendered":"Qui sommes nous ?"},"content":{"rendered":"\t\t<div data-elementor-type=\"wp-page\" data-elementor-id=\"5028\" class=\"elementor elementor-5028\">\n\t\t\t\t<div class=\"elementor-element elementor-element-fa62d61 e-con-full e-flex e-con e-parent\" data-id=\"fa62d61\" data-element_type=\"container\">\n\t\t\t\t<div class=\"elementor-element elementor-element-d84023f elementor-widget elementor-widget-heading\" data-id=\"d84023f\" data-element_type=\"widget\" data-widget_type=\"heading.default\">\n\t\t\t\t<div class=\"elementor-widget-container\">\n\t\t\t<style>\/*! elementor - v3.21.0 - 20-05-2024 *\/\n.elementor-heading-title{padding:0;margin:0;line-height:1}.elementor-widget-heading .elementor-heading-title[class*=elementor-size-]>a{color:inherit;font-size:inherit;line-height:inherit}.elementor-widget-heading .elementor-heading-title.elementor-size-small{font-size:15px}.elementor-widget-heading .elementor-heading-title.elementor-size-medium{font-size:19px}.elementor-widget-heading .elementor-heading-title.elementor-size-large{font-size:29px}.elementor-widget-heading .elementor-heading-title.elementor-size-xl{font-size:39px}.elementor-widget-heading .elementor-heading-title.elementor-size-xxl{font-size:59px}<\/style><h1 class=\"elementor-heading-title elementor-size-default\">Les fondateurs de Bout d'Coco<\/h1>\t\t<\/div>\n\t\t\t\t<\/div>\n\t\t\t\t<\/div>\n\t\t<div class=\"elementor-element elementor-element-32bf0f8f e-con-full e-flex e-con e-parent\" data-id=\"32bf0f8f\" data-element_type=\"container\" data-settings=\"{&quot;background_background&quot;:&quot;classic&quot;}\">\n\t\t<div class=\"elementor-element elementor-element-db5d8ee e-con-full e-flex e-con e-child\" data-id=\"db5d8ee\" data-element_type=\"container\">\n\t\t<div class=\"elementor-element elementor-element-4741dd3a e-con-full e-flex e-con e-child\" data-id=\"4741dd3a\" data-element_type=\"container\">\n\t\t\t\t<div class=\"elementor-element elementor-element-7c2baaaa elementor-widget-tablet__width-inherit elementor-widget-mobile__width-inherit elementor-widget elementor-widget-heading\" data-id=\"7c2baaaa\" data-element_type=\"widget\" data-widget_type=\"heading.default\">\n\t\t\t\t<div class=\"elementor-widget-container\">\n\t\t\t<h2 class=\"elementor-heading-title elementor-size-default\">Michel Boudant<\/h2>\t\t<\/div>\n\t\t\t\t<\/div>\n\t\t\t\t<div class=\"elementor-element elementor-element-7a98290 elementor-position-top elementor-widget elementor-widget-image-box\" data-id=\"7a98290\" data-element_type=\"widget\" data-widget_type=\"image-box.default\">\n\t\t\t\t<div class=\"elementor-widget-container\">\n\t\t\t<style>\/*! elementor - v3.21.0 - 20-05-2024 *\/\n.elementor-widget-image-box .elementor-image-box-content{width:100%}@media (min-width:768px){.elementor-widget-image-box.elementor-position-left .elementor-image-box-wrapper,.elementor-widget-image-box.elementor-position-right .elementor-image-box-wrapper{display:flex}.elementor-widget-image-box.elementor-position-right .elementor-image-box-wrapper{text-align:end;flex-direction:row-reverse}.elementor-widget-image-box.elementor-position-left .elementor-image-box-wrapper{text-align:start;flex-direction:row}.elementor-widget-image-box.elementor-position-top .elementor-image-box-img{margin:auto}.elementor-widget-image-box.elementor-vertical-align-top .elementor-image-box-wrapper{align-items:flex-start}.elementor-widget-image-box.elementor-vertical-align-middle .elementor-image-box-wrapper{align-items:center}.elementor-widget-image-box.elementor-vertical-align-bottom .elementor-image-box-wrapper{align-items:flex-end}}@media (max-width:767px){.elementor-widget-image-box .elementor-image-box-img{margin-left:auto!important;margin-right:auto!important;margin-bottom:15px}}.elementor-widget-image-box .elementor-image-box-img{display:inline-block}.elementor-widget-image-box .elementor-image-box-title a{color:inherit}.elementor-widget-image-box .elementor-image-box-wrapper{text-align:center}.elementor-widget-image-box .elementor-image-box-description{margin:0}<\/style><div class=\"elementor-image-box-wrapper\"><figure class=\"elementor-image-box-img\"><img decoding=\"async\" width=\"144\" height=\"192\" src=\"https:\/\/boutdcoco.fr\/wp-content\/uploads\/2023\/11\/michel-2.jpg\" class=\"attachment-medium_large size-medium_large wp-image-4555\" alt=\"\" \/><\/figure><div class=\"elementor-image-box-content\"><p class=\"elementor-image-box-description\">Je travaille depuis de nombreuses ann\u00e9es dans une grande entreprise, mais j'aime le contact avec les gens et l'id\u00e9e d'accompagner mon \u00e9pouse dans son aventure m'a s\u00e9duit. <br>Je peins \u00e0 mes heures perdues, de ce fait j'expose \u00e9galement mes toiles dans les boutiques \u00e9ph\u00e9m\u00e8res.<\/p><\/div><\/div>\t\t<\/div>\n\t\t\t\t<\/div>\n\t\t\t\t<\/div>\n\t\t<div class=\"elementor-element elementor-element-19088a37 e-con-full e-flex e-con e-child\" data-id=\"19088a37\" data-element_type=\"container\">\n\t\t\t\t<div class=\"elementor-element elementor-element-2f9ac27f elementor-widget elementor-widget-heading\" data-id=\"2f9ac27f\" data-element_type=\"widget\" data-widget_type=\"heading.default\">\n\t\t\t\t<div class=\"elementor-widget-container\">\n\t\t\t<h2 class=\"elementor-heading-title elementor-size-default\">Corinne boudant<\/h2>\t\t<\/div>\n\t\t\t\t<\/div>\n\t\t\t\t<div class=\"elementor-element elementor-element-7438b372 elementor-position-top elementor-widget elementor-widget-image-box\" data-id=\"7438b372\" data-element_type=\"widget\" data-widget_type=\"image-box.default\">\n\t\t\t\t<div class=\"elementor-widget-container\">\n\t\t\t<div class=\"elementor-image-box-wrapper\"><figure class=\"elementor-image-box-img\"><img decoding=\"async\" width=\"134\" height=\"166\" src=\"https:\/\/boutdcoco.fr\/wp-content\/uploads\/2023\/11\/coco-3.jpg\" class=\"attachment-medium_large size-medium_large wp-image-4554\" alt=\"\" \/><\/figure><div class=\"elementor-image-box-content\"><p class=\"elementor-image-box-description\">Je travaille \u00e9galement depuis de nombreuses ann\u00e9es dans une grande entreprise. <br>Etant tr\u00e8s attir\u00e9e par le pouvoir des pierres semi-pr\u00e9cieuses, j'ai fait une formation de lithoth\u00e9rapeute. Afin que ce ne soit pas vain, j'ai cr\u00e9\u00e9 une autoentreprise dans la fabrication et la commercialisation de bijoux en pierres semi-pr\u00e9cieuses. <br>Cette activit\u00e9 me permets de m'\u00e9vader des soucis du quotidien et le contact avec la client\u00e8le me plait beaucoup.<\/p><\/div><\/div>\t\t<\/div>\n\t\t\t\t<\/div>\n\t\t\t\t<\/div>\n\t\t\t\t<\/div>\n\t\t\t\t<\/div>\n\t\t<div class=\"elementor-element elementor-element-02f2dd0 e-flex e-con-boxed e-con e-parent\" data-id=\"02f2dd0\" data-element_type=\"container\">\n\t\t\t\t\t<div class=\"e-con-inner\">\n\t\t\t\t<div class=\"elementor-element elementor-element-4dad38a elementor-widget elementor-widget-heading\" data-id=\"4dad38a\" data-element_type=\"widget\" data-widget_type=\"heading.default\">\n\t\t\t\t<div class=\"elementor-widget-container\">\n\t\t\t<h3 class=\"elementor-heading-title elementor-size-default\">Vous \u00eates artisan ? Vous cherchez un artisan ?<\/h3>\t\t<\/div>\n\t\t\t\t<\/div>\n\t\t\t\t\t<\/div>\n\t\t\t\t<\/div>\n\t\t<div class=\"elementor-element elementor-element-d1af5fc e-con-full e-flex e-con e-parent\" data-id=\"d1af5fc\" data-element_type=\"container\">\n\t\t<div class=\"elementor-element elementor-element-dbe98ce e-con-full e-flex e-con e-child\" data-id=\"dbe98ce\" data-element_type=\"container\">\n\t\t\t\t<div class=\"elementor-element elementor-element-cf67138 elementor-button-warning elementor-align-right elementor-widget__width-inherit elementor-mobile-align-center elementor-widget elementor-widget-button\" data-id=\"cf67138\" data-element_type=\"widget\" data-widget_type=\"button.default\">\n\t\t\t\t<div class=\"elementor-widget-container\">\n\t\t\t\t\t<div class=\"elementor-button-wrapper\">\n\t\t\t<a class=\"elementor-button elementor-button-link elementor-size-md\" href=\"https:\/\/boutdcoco.fr\/index.php\/inscription-adhesion-boutiques-ephemeres-association\/\">\n\t\t\t\t\t\t<span class=\"elementor-button-content-wrapper\">\n\t\t\t\t\t\t\t\t\t<span class=\"elementor-button-text\">Devenir adh\u00e9rent<\/span>\n\t\t\t\t\t<\/span>\n\t\t\t\t\t<\/a>\n\t\t<\/div>\n\t\t\t\t<\/div>\n\t\t\t\t<\/div>\n\t\t\t\t<\/div>\n\t\t<div class=\"elementor-element elementor-element-78ee16d e-con-full e-flex e-con e-child\" data-id=\"78ee16d\" data-element_type=\"container\">\n\t\t\t\t<div class=\"elementor-element elementor-element-a399782 elementor-button-warning elementor-widget__width-inherit elementor-mobile-align-center elementor-widget elementor-widget-button\" data-id=\"a399782\" data-element_type=\"widget\" data-widget_type=\"button.default\">\n\t\t\t\t<div class=\"elementor-widget-container\">\n\t\t\t\t\t<div class=\"elementor-button-wrapper\">\n\t\t\t<a class=\"elementor-button elementor-button-link elementor-size-md\" href=\"https:\/\/boutdcoco.fr\/index.php\/nos-artisans-boutiques-ephemeres-association\/\">\n\t\t\t\t\t\t<span class=\"elementor-button-content-wrapper\">\n\t\t\t\t\t\t\t\t\t<span class=\"elementor-button-text\">Trouver un artisan<\/span>\n\t\t\t\t\t<\/span>\n\t\t\t\t\t<\/a>\n\t\t<\/div>\n\t\t\t\t<\/div>\n\t\t\t\t<\/div>\n\t\t\t\t<\/div>\n\t\t\t\t<\/div>\n\t\t\t\t<\/div>\n\t\t","protected":false},"excerpt":{"rendered":"<p>Les fondateurs de Bout d&rsquo;Coco Michel Boudant Je travaille depuis de nombreuses ann\u00e9es dans une grande entreprise, mais j&rsquo;aime le contact avec les gens et l&rsquo;id\u00e9e d&rsquo;accompagner mon \u00e9pouse dans [&hellip;]<\/p>\n","protected":false},"author":1,"featured_media":0,"parent":0,"menu_order":6,"comment_status":"closed","ping_status":"closed","template":"","meta":{"om_disable_all_campaigns":false,"_monsterinsights_skip_tracking":false,"_monsterinsights_sitenote_active":false,"_monsterinsights_sitenote_note":"","_monsterinsights_sitenote_category":0,"_EventAllDay":false,"_EventTimezone":"","_EventStartDate":"","_EventEndDate":"","_EventStartDateUTC":"","_EventEndDateUTC":"","_EventShowMap":false,"_EventShowMapLink":false,"_EventURL":"","_EventCost":"","_EventCostDescription":"","_EventCurrencySymbol":"","_EventCurrencyCode":"","_EventCurrencyPosition":"","_EventDateTimeSeparator":"","_EventTimeRangeSeparator":"","_EventOrganizerID":[],"_EventVenueID":[],"_OrganizerEmail":"","_OrganizerPhone":"","_OrganizerWebsite":"","_VenueAddress":"","_VenueCity":"","_VenueCountry":"","_VenueProvince":"","_VenueState":"","_VenueZip":"","_VenuePhone":"","_VenueURL":"","_VenueStateProvince":"","_VenueLat":"","_VenueLng":"","_VenueShowMap":false,"_VenueShowMapLink":false,"footnotes":""},"class_list":["post-5028","page","type-page","status-publish","hentry"],"blocksy_meta":[],"aioseo_notices":[],"_links":{"self":[{"href":"https:\/\/boutdcoco.fr\/index.php\/wp-json\/wp\/v2\/pages\/5028","targetHints":{"allow":["GET"]}}],"collection":[{"href":"https:\/\/boutdcoco.fr\/index.php\/wp-json\/wp\/v2\/pages"}],"about":[{"href":"https:\/\/boutdcoco.fr\/index.php\/wp-json\/wp\/v2\/types\/page"}],"author":[{"embeddable":true,"href":"https:\/\/boutdcoco.fr\/index.php\/wp-json\/wp\/v2\/users\/1"}],"replies":[{"embeddable":true,"href":"https:\/\/boutdcoco.fr\/index.php\/wp-json\/wp\/v2\/comments?post=5028"}],"version-history":[{"count":43,"href":"https:\/\/boutdcoco.fr\/index.php\/wp-json\/wp\/v2\/pages\/5028\/revisions"}],"predecessor-version":[{"id":5772,"href":"https:\/\/boutdcoco.fr\/index.php\/wp-json\/wp\/v2\/pages\/5028\/revisions\/5772"}],"wp:attachment":[{"href":"https:\/\/boutdcoco.fr\/index.php\/wp-json\/wp\/v2\/media?parent=5028"}],"curies":[{"name":"wp","href":"https:\/\/api.w.org\/{rel}","templated":true}]}}